{"id":23003,"date":"2023-10-19T16:00:39","date_gmt":"2023-10-19T13:00:39","guid":{"rendered":"https:\/\/dev6.nobreaks.fi\/?page_id=23003"},"modified":"2024-03-27T14:10:37","modified_gmt":"2024-03-27T12:10:37","slug":"retermia-toimilaitepaketit","status":"publish","type":"page","link":"https:\/\/dev6.nobreaks.fi\/retermia-toimilaitepaketit","title":{"rendered":"RETERMIA Toimilaitepaketit"},"content":{"rendered":"\t\t<div data-elementor-type=\"wp-page\" data-elementor-id=\"23003\" class=\"elementor elementor-23003\" data-elementor-post-type=\"page\">\n\t\t\t\t\t\t<section class=\"elementor-section elementor-top-section elementor-element elementor-element-7db9733 elementor-section-height-min-height elementor-section-boxed elementor-section-height-default elementor-section-items-middle\" data-id=\"7db9733\" data-element_type=\"section\" data-e-type=\"section\" data-settings=\"{&quot;background_background&quot;:&quot;video&quot;,&quot;jet_parallax_layout_list&quot;:[],&quot;background_video_link&quot;:&quot;https:\\\/\\\/retermia-fi.b-cdn.net\\\/suomi\\\/102_retermia_toimilaitepaketit_video_171023-1080p.mp4&quot;,&quot;background_play_on_mobile&quot;:&quot;yes&quot;,&quot;background_video_start&quot;:0}\">\n\t\t\t\t\t\t\t\t<div class=\"elementor-background-video-container\">\n\t\t\t\t\t\t\t\t\t\t\t\t\t<video class=\"elementor-background-video-hosted\" role=\"presentation\" autoplay muted playsinline loop><\/video>\n\t\t\t\t\t\t\t\t\t\t\t<\/div>\n\t\t\t\t\t\t\t\t<div class=\"elementor-container elementor-column-gap-default\">\n\t\t\t\t\t<div class=\"elementor-column elementor-col-100 elementor-top-column elementor-element elementor-element-0f82738\" data-id=\"0f82738\" data-element_type=\"column\" data-e-type=\"column\">\n\t\t\t<div class=\"elementor-widget-wrap elementor-element-populated\">\n\t\t\t\t\t\t<div class=\"elementor-element elementor-element-c23d5e0 elementor-widget elementor-widget-heading\" data-id=\"c23d5e0\" data-element_type=\"widget\" data-e-type=\"widget\" data-widget_type=\"heading.default\">\n\t\t\t\t<div class=\"elementor-widget-container\">\n\t\t\t\t\t<h2 class=\"elementor-heading-title elementor-size-default\">Toimilaitepaketit<\/h2>\t\t\t\t<\/div>\n\t\t\t\t<\/div>\n\t\t\t\t\t<\/div>\n\t\t<\/div>\n\t\t\t\t\t<\/div>\n\t\t<\/section>\n\t\t\t\t<section class=\"elementor-section elementor-top-section elementor-element elementor-element-2e07b06 elementor-section-boxed elementor-section-height-default elementor-section-height-default\" data-id=\"2e07b06\" data-element_type=\"section\" data-e-type=\"section\" data-settings=\"{&quot;jet_parallax_layout_list&quot;:[]}\">\n\t\t\t\t\t\t<div class=\"elementor-container elementor-column-gap-default\">\n\t\t\t\t\t<div class=\"elementor-column elementor-col-100 elementor-top-column elementor-element elementor-element-c28532c\" data-id=\"c28532c\" data-element_type=\"column\" data-e-type=\"column\">\n\t\t\t<div class=\"elementor-widget-wrap elementor-element-populated\">\n\t\t\t\t\t\t<div class=\"elementor-element elementor-element-b0898d5 elementor-widget elementor-widget-text-editor\" data-id=\"b0898d5\" data-element_type=\"widget\" data-e-type=\"widget\" data-widget_type=\"text-editor.default\">\n\t\t\t\t<div class=\"elementor-widget-container\">\n\t\t\t\t\t\t\t\t\t<p>TOIMILAITEPAKETIT ovat kohdekohtaisesti valmistettuja pumppuryhmi\u00e4, joissa on neulal\u00e4mm\u00f6nsiirtimien toiminnan, s\u00e4\u00e4d\u00f6n ja seurannan kannalta oleelliset komponentit valmiiksi kokoonpantuina.<\/p><p>TOIMILAITEPAKETIN jokainen toimilaite, anturi ja putkil\u00e4ht\u00f6 on selke\u00e4sti positioitu. Pumput on johdotettu turvakytkimelle ja anturit riviliittimelle.<\/p>\t\t\t\t\t\t\t\t<\/div>\n\t\t\t\t<\/div>\n\t\t\t\t<div class=\"elementor-element elementor-element-5412abf elementor-widget elementor-widget-heading\" data-id=\"5412abf\" data-element_type=\"widget\" data-e-type=\"widget\" data-widget_type=\"heading.default\">\n\t\t\t\t<div class=\"elementor-widget-container\">\n\t\t\t\t\t<h2 class=\"elementor-heading-title elementor-size-default\">Edut<\/h2>\t\t\t\t<\/div>\n\t\t\t\t<\/div>\n\t\t\t\t<div class=\"elementor-element elementor-element-be95aa2 elementor-widget elementor-widget-text-editor\" data-id=\"be95aa2\" data-element_type=\"widget\" data-e-type=\"widget\" data-widget_type=\"text-editor.default\">\n\t\t\t\t<div class=\"elementor-widget-container\">\n\t\t\t\t\t\t\t\t\t<ul><li><strong>V\u00e4hent\u00e4\u00e4 asennusvirheiden riski\u00e4.<\/strong>\u00a0Valmiiksi kokoonpannut komponentit varmistavat laadukkaan lopputuloksen.<\/li><li><strong>Helpottaa ty\u00f6maalla tapahtuvaa asennusta.<\/strong>\u00a0Lyhyempi asennusaika pienent\u00e4\u00e4 my\u00f6s kustannuksia.<\/li><\/ul>\t\t\t\t\t\t\t\t<\/div>\n\t\t\t\t<\/div>\n\t\t\t\t<div class=\"elementor-element elementor-element-6eb8529 elementor-widget elementor-widget-image\" data-id=\"6eb8529\" data-element_type=\"widget\" data-e-type=\"widget\" data-widget_type=\"image.default\">\n\t\t\t\t<div class=\"elementor-widget-container\">\n\t\t\t\t\t\t\t\t\t\t\t\t\t\t\t<img fetchpriority=\"high\" decoding=\"async\" width=\"768\" height=\"768\" src=\"https:\/\/dev6.nobreaks.fi\/wp-content\/uploads\/2-pumppuinen-tuotelaitepaketti-768x768.jpg\" class=\"attachment-medium_large size-medium_large wp-image-10603\" alt=\"\" srcset=\"https:\/\/dev6.nobreaks.fi\/wp-content\/uploads\/2-pumppuinen-tuotelaitepaketti-768x768.jpg 768w, https:\/\/dev6.nobreaks.fi\/wp-content\/uploads\/2-pumppuinen-tuotelaitepaketti-600x600.jpg 600w, https:\/\/dev6.nobreaks.fi\/wp-content\/uploads\/2-pumppuinen-tuotelaitepaketti-300x300.jpg 300w, https:\/\/dev6.nobreaks.fi\/wp-content\/uploads\/2-pumppuinen-tuotelaitepaketti.jpg 800w\" sizes=\"(max-width: 768px) 100vw, 768px\" \/>\t\t\t\t\t\t\t\t\t\t\t\t\t\t\t<\/div>\n\t\t\t\t<\/div>\n\t\t\t\t<div class=\"elementor-element elementor-element-5732bd8 elementor-widget elementor-widget-heading\" data-id=\"5732bd8\" data-element_type=\"widget\" data-e-type=\"widget\" data-widget_type=\"heading.default\">\n\t\t\t\t<div class=\"elementor-widget-container\">\n\t\t\t\t\t<h2 class=\"elementor-heading-title elementor-size-default\"><h2 style=\"letter-spacing: normal\">Laitevalinta<\/h2><\/h2>\t\t\t\t<\/div>\n\t\t\t\t<\/div>\n\t\t\t\t<div class=\"elementor-element elementor-element-054c992 elementor-widget elementor-widget-text-editor\" data-id=\"054c992\" data-element_type=\"widget\" data-e-type=\"widget\" data-widget_type=\"text-editor.default\">\n\t\t\t\t<div class=\"elementor-widget-container\">\n\t\t\t\t\t\t\t\t\t<p>Jokaisen paketin sis\u00e4lt\u00f6 vastaa kohteen Retermia-j\u00e4rjestelm\u00e4n s\u00e4\u00e4d\u00f6n periaatteita. Tilaaja tai suunnittelija voi vapaasti valita toimilaitepaketin eri komponenttien, kuten pumppujen, levyl\u00e4mm\u00f6nsiirtimien, s\u00e4\u00e4t\u00f6venttiilien tai l\u00e4mp\u00f6tila- ja painel\u00e4hettimien valmistajat. Retermia vastaa komponenttien hankinnasta.<\/p><p>Toimilaitepaketista toimitetaan tarkat mittakuvat tilausvahvistusvaiheessa.<\/p>\t\t\t\t\t\t\t\t<\/div>\n\t\t\t\t<\/div>\n\t\t\t\t<div class=\"elementor-element elementor-element-646d344 elementor-widget elementor-widget-heading\" data-id=\"646d344\" data-element_type=\"widget\" data-e-type=\"widget\" data-widget_type=\"heading.default\">\n\t\t\t\t<div class=\"elementor-widget-container\">\n\t\t\t\t\t<h2 class=\"elementor-heading-title elementor-size-default\"><h2 data-elementor-setting-key=\"title\" data-pen-placeholder=\"Kirjoita t\u00e4h\u00e4n...\" style=\"text-transform: none;letter-spacing: normal\">Asennus ja huolto<\/h2><\/h2>\t\t\t\t<\/div>\n\t\t\t\t<\/div>\n\t\t\t\t<div class=\"elementor-element elementor-element-598ffbb elementor-widget elementor-widget-text-editor\" data-id=\"598ffbb\" data-element_type=\"widget\" data-e-type=\"widget\" data-widget_type=\"text-editor.default\">\n\t\t\t\t<div class=\"elementor-widget-container\">\n\t\t\t\t\t\t\t\t\t<p>Retermia-toimilaitepaketille tulee suunnitelmissa varata leveys- ja korkeussuunnassa noin metrin mittainen tila. Suurten toimilaitepakettien tilantarve on luonnollisesti suurempi.<\/p><p>Toimilaitepaketti sis\u00e4lt\u00e4\u00e4 tuennan sein\u00e4kiinnityst\u00e4 varten. Sen saa my\u00f6s erillisill\u00e4 tukijaloilla.<\/p><p>Paisunta- ja t\u00e4ytt\u00f6ryhm\u00e4t eiv\u00e4t sis\u00e4lly Retermia-toimilaitepakettiin.<\/p><p>Putkiurakoitsija erist\u00e4\u00e4 toimilaitepaketin ty\u00f6maalla. Toimilaitepaketti on suljettavissa huollon ajaksi verkostosta venttiilein. Toimilaitepaketin edess\u00e4 tulee olla esteet\u00f6nt\u00e4 tilaa huoltoa varten.<\/p>\t\t\t\t\t\t\t\t<\/div>\n\t\t\t\t<\/div>\n\t\t\t\t\t<\/div>\n\t\t<\/div>\n\t\t\t\t\t<\/div>\n\t\t<\/section>\n\t\t\t\t<\/div>\n\t\t","protected":false},"excerpt":{"rendered":"<p>RETERMIA Toimilaitepaketit ovat kohdekohtaisesti valmistettuja pumppuryhmi\u00e4, joissa on neulal\u00e4mm\u00f6nsiirtimien toiminnan, s\u00e4\u00e4d\u00f6n ja seurannan kannalta oleelliset komponentit valmiiksi kokoonpantuina. <\/p>\n","protected":false},"author":13,"featured_media":26870,"parent":0,"menu_order":0,"comment_status":"closed","ping_status":"closed","template":"elementor_header_footer","meta":{"inline_featured_image":false,"footnotes":""},"hakunakyvyys":[],"yhteinen-luokittelutieto":[],"sivujen-luokittelutieto":[],"class_list":["post-23003","page","type-page","status-publish","has-post-thumbnail","hentry"],"_links":{"self":[{"href":"https:\/\/dev6.nobreaks.fi\/wp-json\/wp\/v2\/pages\/23003","targetHints":{"allow":["GET"]}}],"collection":[{"href":"https:\/\/dev6.nobreaks.fi\/wp-json\/wp\/v2\/pages"}],"about":[{"href":"https:\/\/dev6.nobreaks.fi\/wp-json\/wp\/v2\/types\/page"}],"author":[{"embeddable":true,"href":"https:\/\/dev6.nobreaks.fi\/wp-json\/wp\/v2\/users\/13"}],"replies":[{"embeddable":true,"href":"https:\/\/dev6.nobreaks.fi\/wp-json\/wp\/v2\/comments?post=23003"}],"version-history":[{"count":0,"href":"https:\/\/dev6.nobreaks.fi\/wp-json\/wp\/v2\/pages\/23003\/revisions"}],"wp:featuredmedia":[{"embeddable":true,"href":"https:\/\/dev6.nobreaks.fi\/wp-json\/wp\/v2\/media\/26870"}],"wp:attachment":[{"href":"https:\/\/dev6.nobreaks.fi\/wp-json\/wp\/v2\/media?parent=23003"}],"wp:term":[{"taxonomy":"hakunakyvyys","embeddable":true,"href":"https:\/\/dev6.nobreaks.fi\/wp-json\/wp\/v2\/hakunakyvyys?post=23003"},{"taxonomy":"yhteinen-luokittelutieto","embeddable":true,"href":"https:\/\/dev6.nobreaks.fi\/wp-json\/wp\/v2\/yhteinen-luokittelutieto?post=23003"},{"taxonomy":"sivujen-luokittelutieto","embeddable":true,"href":"https:\/\/dev6.nobreaks.fi\/wp-json\/wp\/v2\/sivujen-luokittelutieto?post=23003"}],"curies":[{"name":"wp","href":"https:\/\/api.w.org\/{rel}","templated":true}]}}