{"id":15217,"date":"2023-07-06T15:20:17","date_gmt":"2023-07-06T12:20:17","guid":{"rendered":"https:\/\/dev6.nobreaks.fi\/?page_id=15217"},"modified":"2024-08-14T13:06:56","modified_gmt":"2024-08-14T10:06:56","slug":"tuotteet-ja-palvelut","status":"publish","type":"page","link":"https:\/\/dev6.nobreaks.fi\/tuotteet-ja-palvelut","title":{"rendered":"Tuotteet ja palvelut"},"content":{"rendered":"\t\t<div data-elementor-type=\"wp-page\" data-elementor-id=\"15217\" class=\"elementor elementor-15217\" data-elementor-post-type=\"page\">\n\t\t\t\t\t\t<section class=\"elementor-section elementor-top-section elementor-element elementor-element-6c31b4d7 elementor-section-height-min-height elementor-section-full_width elementor-section-height-default elementor-section-items-middle\" data-id=\"6c31b4d7\" data-element_type=\"section\" data-e-type=\"section\" data-settings=\"{&quot;background_background&quot;:&quot;video&quot;,&quot;jet_parallax_layout_list&quot;:[],&quot;background_video_start&quot;:0,&quot;background_video_link&quot;:&quot;https:\\\/\\\/retermia-fi.b-cdn.net\\\/suomi\\\/108_retermia_tuotteet_ja_palvelut_sivun_video_161023-720p.mp4&quot;,&quot;background_play_on_mobile&quot;:&quot;yes&quot;}\">\n\t\t\t\t\t\t\t\t<div class=\"elementor-background-video-container\">\n\t\t\t\t\t\t\t\t\t\t\t\t\t<video class=\"elementor-background-video-hosted\" role=\"presentation\" autoplay muted playsinline loop><\/video>\n\t\t\t\t\t\t\t\t\t\t\t<\/div>\n\t\t\t\t\t\t\t\t\t<div class=\"elementor-background-overlay\"><\/div>\n\t\t\t\t\t\t\t<div class=\"elementor-container elementor-column-gap-default\">\n\t\t\t\t\t<div class=\"elementor-column elementor-col-100 elementor-top-column elementor-element elementor-element-39cd6800\" data-id=\"39cd6800\" data-element_type=\"column\" data-e-type=\"column\">\n\t\t\t<div class=\"elementor-widget-wrap elementor-element-populated\">\n\t\t\t\t\t\t<div class=\"elementor-element elementor-element-63464a51 elementor-widget elementor-widget-heading\" data-id=\"63464a51\" data-element_type=\"widget\" data-e-type=\"widget\" data-widget_type=\"heading.default\">\n\t\t\t\t<div class=\"elementor-widget-container\">\n\t\t\t\t\t<h1 class=\"elementor-heading-title elementor-size-default\">Markkinoiden kehittynein ja tehokkain<br> neste-ilma-l\u00e4mm\u00f6nsiirrin\n\n<\/h1>\t\t\t\t<\/div>\n\t\t\t\t<\/div>\n\t\t\t\t\t<\/div>\n\t\t<\/div>\n\t\t\t\t\t<\/div>\n\t\t<\/section>\n\t\t\t\t<section class=\"elementor-section elementor-top-section elementor-element elementor-element-4d78bc6e elementor-section-full_width elementor-section-height-default elementor-section-height-default\" data-id=\"4d78bc6e\" data-element_type=\"section\" data-e-type=\"section\" data-settings=\"{&quot;jet_parallax_layout_list&quot;:[]}\">\n\t\t\t\t\t\t<div class=\"elementor-container elementor-column-gap-default\">\n\t\t\t\t\t<div class=\"elementor-column elementor-col-100 elementor-top-column elementor-element elementor-element-716c500a\" data-id=\"716c500a\" data-element_type=\"column\" data-e-type=\"column\">\n\t\t\t<div class=\"elementor-widget-wrap elementor-element-populated\">\n\t\t\t\t\t\t<section class=\"elementor-section elementor-inner-section elementor-element elementor-element-3e2f34f elementor-section-boxed elementor-section-height-default elementor-section-height-default\" data-id=\"3e2f34f\" data-element_type=\"section\" data-e-type=\"section\" data-settings=\"{&quot;jet_parallax_layout_list&quot;:[]}\">\n\t\t\t\t\t\t<div class=\"elementor-container elementor-column-gap-default\">\n\t\t\t\t\t<div class=\"elementor-column elementor-col-100 elementor-inner-column elementor-element elementor-element-05cd2c8\" data-id=\"05cd2c8\" data-element_type=\"column\" data-e-type=\"column\">\n\t\t\t<div class=\"elementor-widget-wrap elementor-element-populated\">\n\t\t\t\t\t\t<div class=\"elementor-element elementor-element-299e84a elementor-widget elementor-widget-text-editor\" data-id=\"299e84a\" data-element_type=\"widget\" data-e-type=\"widget\" data-widget_type=\"text-editor.default\">\n\t\t\t\t<div class=\"elementor-widget-container\">\n\t\t\t\t\t\t\t\t\t<p>Mahdollistamme energian s\u00e4\u00e4st\u00f6n luotettavasti ja <br>hygieenisesti my\u00f6s haastavissa olosuhteissa. <br>Patentoitu neulaputki on kaikkien tuotteidemme syd\u00e4n.<\/p>\t\t\t\t\t\t\t\t<\/div>\n\t\t\t\t<\/div>\n\t\t\t\t\t<\/div>\n\t\t<\/div>\n\t\t\t\t\t<\/div>\n\t\t<\/section>\n\t\t\t\t\t<\/div>\n\t\t<\/div>\n\t\t\t\t\t<\/div>\n\t\t<\/section>\n\t\t\t\t<section class=\"elementor-section elementor-top-section elementor-element elementor-element-78a532f elementor-section-full_width elementor-section-height-default elementor-section-height-default\" data-id=\"78a532f\" data-element_type=\"section\" data-e-type=\"section\" data-settings=\"{&quot;jet_parallax_layout_list&quot;:[]}\">\n\t\t\t\t\t\t<div class=\"elementor-container elementor-column-gap-default\">\n\t\t\t\t\t<div class=\"elementor-column elementor-col-100 elementor-top-column elementor-element elementor-element-eefb280\" data-id=\"eefb280\" data-element_type=\"column\" data-e-type=\"column\">\n\t\t\t<div class=\"elementor-widget-wrap elementor-element-populated\">\n\t\t\t\t\t\t<div class=\"elementor-element elementor-element-69b8f96 elementor-widget elementor-widget-jet-listing-grid\" data-id=\"69b8f96\" data-element_type=\"widget\" data-e-type=\"widget\" data-settings=\"{&quot;columns&quot;:&quot;2&quot;,&quot;columns_mobile&quot;:&quot;1&quot;}\" data-widget_type=\"jet-listing-grid.default\">\n\t\t\t\t<div class=\"elementor-widget-container\">\n\t\t\t\t\t<div class=\"jet-listing-grid jet-listing\"><div class=\"jet-listing-grid__items grid-col-desk-2 grid-col-tablet-2 grid-col-mobile-1 jet-listing-grid--21399\" data-queried-id=\"15217|WP_Post\" data-nav=\"{&quot;enabled&quot;:false,&quot;type&quot;:null,&quot;more_el&quot;:null,&quot;query&quot;:[],&quot;widget_settings&quot;:{&quot;lisitng_id&quot;:21399,&quot;posts_num&quot;:99,&quot;columns&quot;:2,&quot;columns_tablet&quot;:2,&quot;columns_mobile&quot;:1,&quot;column_min_width&quot;:240,&quot;column_min_width_tablet&quot;:240,&quot;column_min_width_mobile&quot;:240,&quot;inline_columns_css&quot;:false,&quot;is_archive_template&quot;:&quot;&quot;,&quot;post_status&quot;:[&quot;publish&quot;],&quot;use_random_posts_num&quot;:&quot;&quot;,&quot;max_posts_num&quot;:9,&quot;not_found_message&quot;:&quot;No data was found&quot;,&quot;is_masonry&quot;:false,&quot;equal_columns_height&quot;:&quot;&quot;,&quot;use_load_more&quot;:&quot;&quot;,&quot;load_more_id&quot;:&quot;&quot;,&quot;load_more_type&quot;:&quot;click&quot;,&quot;load_more_offset&quot;:{&quot;unit&quot;:&quot;px&quot;,&quot;size&quot;:0,&quot;sizes&quot;:[]},&quot;use_custom_post_types&quot;:&quot;&quot;,&quot;custom_post_types&quot;:[],&quot;hide_widget_if&quot;:&quot;&quot;,&quot;carousel_enabled&quot;:&quot;&quot;,&quot;slides_to_scroll&quot;:&quot;1&quot;,&quot;arrows&quot;:&quot;true&quot;,&quot;arrow_icon&quot;:&quot;fa fa-angle-left&quot;,&quot;dots&quot;:&quot;&quot;,&quot;autoplay&quot;:&quot;true&quot;,&quot;pause_on_hover&quot;:&quot;true&quot;,&quot;autoplay_speed&quot;:5000,&quot;infinite&quot;:&quot;true&quot;,&quot;center_mode&quot;:&quot;&quot;,&quot;effect&quot;:&quot;slide&quot;,&quot;speed&quot;:500,&quot;inject_alternative_items&quot;:&quot;&quot;,&quot;injection_items&quot;:[],&quot;scroll_slider_enabled&quot;:&quot;&quot;,&quot;scroll_slider_on&quot;:[&quot;desktop&quot;,&quot;tablet&quot;,&quot;mobile&quot;],&quot;custom_query&quot;:&quot;yes&quot;,&quot;custom_query_id&quot;:&quot;18&quot;,&quot;_element_id&quot;:&quot;&quot;,&quot;collapse_first_last_gap&quot;:false,&quot;list_tag_selection&quot;:&quot;&quot;,&quot;list_items_wrapper_tag&quot;:&quot;div&quot;,&quot;list_item_tag&quot;:&quot;div&quot;,&quot;empty_items_wrapper_tag&quot;:&quot;div&quot;}}\" data-page=\"1\" data-pages=\"1\" data-listing-source=\"query\" data-listing-id=\"21399\" data-query-id=\"18\"><div class=\"jet-listing-grid__item jet-listing-dynamic-post-21421\" data-post-id=\"21421\"  ><style type=\"text\/css\">.jet-listing-dynamic-post-21421 .elementor-element.elementor-element-615e140:not(.elementor-motion-effects-element-type-background), .jet-listing-dynamic-post-21421 .elementor-element.elementor-element-615e140 > .elementor-motion-effects-container > .elementor-motion-effects-layer{background-image:url(\"https:\/\/dev6.nobreaks.fi\/wp-content\/uploads\/Reteremia-Standard.jpg\");}<\/style>\t\t<div data-elementor-type=\"jet-listing-items\" data-elementor-id=\"21399\" class=\"elementor elementor-21399\" data-elementor-post-type=\"jet-engine\">\n\t\t\t\t\t\t<section class=\"elementor-section elementor-top-section elementor-element elementor-element-615e140 elementor-section-full_width elementor-section-height-min-height elementor-section-items-top elementor-section-height-default\" data-id=\"615e140\" data-element_type=\"section\" data-e-type=\"section\" data-settings=\"{&quot;jet_parallax_layout_list&quot;:[],&quot;background_background&quot;:&quot;classic&quot;}\">\n\t\t\t\t\t\t\t<div class=\"elementor-background-overlay\"><\/div>\n\t\t\t\t\t\t\t<div class=\"elementor-container elementor-column-gap-default\">\n\t\t\t\t\t<div class=\"make-column-clickable-elementor elementor-column elementor-col-100 elementor-top-column elementor-element elementor-element-dad5baf\" style=\"cursor: pointer;\" data-column-clickable=\"https:\/\/dev6.nobreaks.fi\/neulalammonsiirtimet\/\" data-column-clickable-blank=\"_blank\" data-id=\"dad5baf\" data-element_type=\"column\" data-e-type=\"column\" data-settings=\"{&quot;background_background&quot;:&quot;gradient&quot;}\">\n\t\t\t<div class=\"elementor-widget-wrap elementor-element-populated\">\n\t\t\t\t\t<div class=\"elementor-background-overlay\"><\/div>\n\t\t\t\t\t\t<div class=\"elementor-element elementor-element-1fb877e elementor-widget elementor-widget-heading\" data-id=\"1fb877e\" data-element_type=\"widget\" data-e-type=\"widget\" data-widget_type=\"heading.default\">\n\t\t\t\t<div class=\"elementor-widget-container\">\n\t\t\t\t\t<h2 class=\"elementor-heading-title elementor-size-default\">Neulal\u00e4mm\u00f6nsiirtimet<\/h2>\t\t\t\t<\/div>\n\t\t\t\t<\/div>\n\t\t\t\t<div class=\"elementor-element elementor-element-4bb9787 elementor-widget elementor-widget-text-editor\" data-id=\"4bb9787\" data-element_type=\"widget\" data-e-type=\"widget\" data-widget_type=\"text-editor.default\">\n\t\t\t\t<div class=\"elementor-widget-container\">\n\t\t\t\t\t\t\t\t\t<p>Neulal\u00e4mm\u00f6nsiirrin on markkinoiden kehittynein neste-ilma-l\u00e4mm\u00f6nsiirrin. Neulal\u00e4mm\u00f6nsiirtimi\u00e4 k\u00e4ytet\u00e4\u00e4n erilaisissa ep\u00e4suorissa energians\u00e4\u00e4st\u00f6j\u00e4rjestelmiss\u00e4 sek\u00e4 l\u00e4mmitys- ett\u00e4 j\u00e4\u00e4hdytyspattereina.<\/p>\n\t\t\t\t\t\t\t\t<\/div>\n\t\t\t\t<\/div>\n\t\t\t\t\t<\/div>\n\t\t<\/div>\n\t\t\t\t\t<\/div>\n\t\t<\/section>\n\t\t\t\t<\/div>\n\t\t<\/div><div class=\"jet-listing-grid__item jet-listing-dynamic-post-21422\" data-post-id=\"21422\"  ><style type=\"text\/css\">.jet-listing-dynamic-post-21422 .elementor-element.elementor-element-615e140:not(.elementor-motion-effects-element-type-background), .jet-listing-dynamic-post-21422 .elementor-element.elementor-element-615e140 > .elementor-motion-effects-container > .elementor-motion-effects-layer{background-image:url(\"https:\/\/dev6.nobreaks.fi\/wp-content\/uploads\/RETCARE-MODULAR-saarijarven-koulukeskus.jpg\");}<\/style>\t\t<div data-elementor-type=\"jet-listing-items\" data-elementor-id=\"21399\" class=\"elementor elementor-21399\" data-elementor-post-type=\"jet-engine\">\n\t\t\t\t\t\t<section class=\"elementor-section elementor-top-section elementor-element elementor-element-615e140 elementor-section-full_width elementor-section-height-min-height elementor-section-items-top elementor-section-height-default\" data-id=\"615e140\" data-element_type=\"section\" data-e-type=\"section\" data-settings=\"{&quot;jet_parallax_layout_list&quot;:[],&quot;background_background&quot;:&quot;classic&quot;}\">\n\t\t\t\t\t\t\t<div class=\"elementor-background-overlay\"><\/div>\n\t\t\t\t\t\t\t<div class=\"elementor-container elementor-column-gap-default\">\n\t\t\t\t\t<div class=\"make-column-clickable-elementor elementor-column elementor-col-100 elementor-top-column elementor-element elementor-element-dad5baf\" style=\"cursor: pointer;\" data-column-clickable=\"https:\/\/dev6.nobreaks.fi\/ilmanvaihtokoneet\/\" data-column-clickable-blank=\"_blank\" data-id=\"dad5baf\" data-element_type=\"column\" data-e-type=\"column\" data-settings=\"{&quot;background_background&quot;:&quot;gradient&quot;}\">\n\t\t\t<div class=\"elementor-widget-wrap elementor-element-populated\">\n\t\t\t\t\t<div class=\"elementor-background-overlay\"><\/div>\n\t\t\t\t\t\t<div class=\"elementor-element elementor-element-1fb877e elementor-widget elementor-widget-heading\" data-id=\"1fb877e\" data-element_type=\"widget\" data-e-type=\"widget\" data-widget_type=\"heading.default\">\n\t\t\t\t<div class=\"elementor-widget-container\">\n\t\t\t\t\t<h2 class=\"elementor-heading-title elementor-size-default\">Ilmanvaihtokoneet<\/h2>\t\t\t\t<\/div>\n\t\t\t\t<\/div>\n\t\t\t\t<div class=\"elementor-element elementor-element-4bb9787 elementor-widget elementor-widget-text-editor\" data-id=\"4bb9787\" data-element_type=\"widget\" data-e-type=\"widget\" data-widget_type=\"text-editor.default\">\n\t\t\t\t<div class=\"elementor-widget-container\">\n\t\t\t\t\t\t\t\t\t<p>Energiatehokkaat RETCARE-ilmanvaihtokoneet helpottavat asiakkaan tilaratkaisuja. Koneet ovat kompakteja, mutta silti huoltoyst\u00e4v\u00e4llisi\u00e4 ja toimintavarmoja.<\/p>\n\t\t\t\t\t\t\t\t<\/div>\n\t\t\t\t<\/div>\n\t\t\t\t\t<\/div>\n\t\t<\/div>\n\t\t\t\t\t<\/div>\n\t\t<\/section>\n\t\t\t\t<\/div>\n\t\t<\/div><div class=\"jet-listing-grid__item jet-listing-dynamic-post-21423\" data-post-id=\"21423\"  ><style type=\"text\/css\">.jet-listing-dynamic-post-21423 .elementor-element.elementor-element-615e140:not(.elementor-motion-effects-element-type-background), .jet-listing-dynamic-post-21423 .elementor-element.elementor-element-615e140 > .elementor-motion-effects-container > .elementor-motion-effects-layer{background-image:url(\"https:\/\/dev6.nobreaks.fi\/wp-content\/uploads\/toimilaitepaketit_ruudukkoelementtiin.png\");}<\/style>\t\t<div data-elementor-type=\"jet-listing-items\" data-elementor-id=\"21399\" class=\"elementor elementor-21399\" data-elementor-post-type=\"jet-engine\">\n\t\t\t\t\t\t<section class=\"elementor-section elementor-top-section elementor-element elementor-element-615e140 elementor-section-full_width elementor-section-height-min-height elementor-section-items-top elementor-section-height-default\" data-id=\"615e140\" data-element_type=\"section\" data-e-type=\"section\" data-settings=\"{&quot;jet_parallax_layout_list&quot;:[],&quot;background_background&quot;:&quot;classic&quot;}\">\n\t\t\t\t\t\t\t<div class=\"elementor-background-overlay\"><\/div>\n\t\t\t\t\t\t\t<div class=\"elementor-container elementor-column-gap-default\">\n\t\t\t\t\t<div class=\"make-column-clickable-elementor elementor-column elementor-col-100 elementor-top-column elementor-element elementor-element-dad5baf\" style=\"cursor: pointer;\" data-column-clickable=\"https:\/\/dev6.nobreaks.fi\/retermia-toimilaitepaketit\/\" data-column-clickable-blank=\"_blank\" data-id=\"dad5baf\" data-element_type=\"column\" data-e-type=\"column\" data-settings=\"{&quot;background_background&quot;:&quot;gradient&quot;}\">\n\t\t\t<div class=\"elementor-widget-wrap elementor-element-populated\">\n\t\t\t\t\t<div class=\"elementor-background-overlay\"><\/div>\n\t\t\t\t\t\t<div class=\"elementor-element elementor-element-1fb877e elementor-widget elementor-widget-heading\" data-id=\"1fb877e\" data-element_type=\"widget\" data-e-type=\"widget\" data-widget_type=\"heading.default\">\n\t\t\t\t<div class=\"elementor-widget-container\">\n\t\t\t\t\t<h2 class=\"elementor-heading-title elementor-size-default\">RETERMIA Toimilaitepaketit<\/h2>\t\t\t\t<\/div>\n\t\t\t\t<\/div>\n\t\t\t\t<div class=\"elementor-element elementor-element-4bb9787 elementor-widget elementor-widget-text-editor\" data-id=\"4bb9787\" data-element_type=\"widget\" data-e-type=\"widget\" data-widget_type=\"text-editor.default\">\n\t\t\t\t<div class=\"elementor-widget-container\">\n\t\t\t\t\t\t\t\t\t<p>Kohdekohtaisesti valmistetuissa pumppuryhmiss\u00e4mme kaikki olennaiset komponentit ovat valmiiksi kokoonpantuina.<\/p>\n\t\t\t\t\t\t\t\t<\/div>\n\t\t\t\t<\/div>\n\t\t\t\t\t<\/div>\n\t\t<\/div>\n\t\t\t\t\t<\/div>\n\t\t<\/section>\n\t\t\t\t<\/div>\n\t\t<\/div><div class=\"jet-listing-grid__item jet-listing-dynamic-post-21425\" data-post-id=\"21425\"  ><style type=\"text\/css\">.jet-listing-dynamic-post-21425 .elementor-element.elementor-element-615e140:not(.elementor-motion-effects-element-type-background), .jet-listing-dynamic-post-21425 .elementor-element.elementor-element-615e140 > .elementor-motion-effects-container > .elementor-motion-effects-layer{background-image:url(\"https:\/\/dev6.nobreaks.fi\/wp-content\/uploads\/pesun-vaikutus.png\");}<\/style>\t\t<div data-elementor-type=\"jet-listing-items\" data-elementor-id=\"21399\" class=\"elementor elementor-21399\" data-elementor-post-type=\"jet-engine\">\n\t\t\t\t\t\t<section class=\"elementor-section elementor-top-section elementor-element elementor-element-615e140 elementor-section-full_width elementor-section-height-min-height elementor-section-items-top elementor-section-height-default\" data-id=\"615e140\" data-element_type=\"section\" data-e-type=\"section\" data-settings=\"{&quot;jet_parallax_layout_list&quot;:[],&quot;background_background&quot;:&quot;classic&quot;}\">\n\t\t\t\t\t\t\t<div class=\"elementor-background-overlay\"><\/div>\n\t\t\t\t\t\t\t<div class=\"elementor-container elementor-column-gap-default\">\n\t\t\t\t\t<div class=\"make-column-clickable-elementor elementor-column elementor-col-100 elementor-top-column elementor-element elementor-element-dad5baf\" style=\"cursor: pointer;\" data-column-clickable=\"https:\/\/dev6.nobreaks.fi\/huolto-ja-lisavarusteet\/\" data-column-clickable-blank=\"_blank\" data-id=\"dad5baf\" data-element_type=\"column\" data-e-type=\"column\" data-settings=\"{&quot;background_background&quot;:&quot;gradient&quot;}\">\n\t\t\t<div class=\"elementor-widget-wrap elementor-element-populated\">\n\t\t\t\t\t<div class=\"elementor-background-overlay\"><\/div>\n\t\t\t\t\t\t<div class=\"elementor-element elementor-element-1fb877e elementor-widget elementor-widget-heading\" data-id=\"1fb877e\" data-element_type=\"widget\" data-e-type=\"widget\" data-widget_type=\"heading.default\">\n\t\t\t\t<div class=\"elementor-widget-container\">\n\t\t\t\t\t<h2 class=\"elementor-heading-title elementor-size-default\">Huolto- ja lis\u00e4varusteet sek\u00e4 l\u00e4mm\u00f6nsiirtonesteet<\/h2>\t\t\t\t<\/div>\n\t\t\t\t<\/div>\n\t\t\t\t<div class=\"elementor-element elementor-element-4bb9787 elementor-widget elementor-widget-text-editor\" data-id=\"4bb9787\" data-element_type=\"widget\" data-e-type=\"widget\" data-widget_type=\"text-editor.default\">\n\t\t\t\t<div class=\"elementor-widget-container\">\n\t\t\t\t\t\t\t\t\t<p>Ty\u00f6v\u00e4lineet, tekniikat ja lis\u00e4varusteet tuotteidemme huoltoon ja asennukseen.<\/p>\n\t\t\t\t\t\t\t\t<\/div>\n\t\t\t\t<\/div>\n\t\t\t\t\t<\/div>\n\t\t<\/div>\n\t\t\t\t\t<\/div>\n\t\t<\/section>\n\t\t\t\t<\/div>\n\t\t<\/div><div class=\"jet-listing-grid__item jet-listing-dynamic-post-21426\" data-post-id=\"21426\"  ><style type=\"text\/css\">.jet-listing-dynamic-post-21426 .elementor-element.elementor-element-615e140:not(.elementor-motion-effects-element-type-background), .jet-listing-dynamic-post-21426 .elementor-element.elementor-element-615e140 > .elementor-motion-effects-container > .elementor-motion-effects-layer{background-image:url(\"https:\/\/dev6.nobreaks.fi\/wp-content\/uploads\/RetermiaStandard.jpg\");}<\/style>\t\t<div data-elementor-type=\"jet-listing-items\" data-elementor-id=\"21399\" class=\"elementor elementor-21399\" data-elementor-post-type=\"jet-engine\">\n\t\t\t\t\t\t<section class=\"elementor-section elementor-top-section elementor-element elementor-element-615e140 elementor-section-full_width elementor-section-height-min-height elementor-section-items-top elementor-section-height-default\" data-id=\"615e140\" data-element_type=\"section\" data-e-type=\"section\" data-settings=\"{&quot;jet_parallax_layout_list&quot;:[],&quot;background_background&quot;:&quot;classic&quot;}\">\n\t\t\t\t\t\t\t<div class=\"elementor-background-overlay\"><\/div>\n\t\t\t\t\t\t\t<div class=\"elementor-container elementor-column-gap-default\">\n\t\t\t\t\t<div class=\"make-column-clickable-elementor elementor-column elementor-col-100 elementor-top-column elementor-element elementor-element-dad5baf\" style=\"cursor: pointer;\" data-column-clickable=\"https:\/\/dev6.nobreaks.fi\/erikoissovellukset\/\" data-column-clickable-blank=\"_blank\" data-id=\"dad5baf\" data-element_type=\"column\" data-e-type=\"column\" data-settings=\"{&quot;background_background&quot;:&quot;gradient&quot;}\">\n\t\t\t<div class=\"elementor-widget-wrap elementor-element-populated\">\n\t\t\t\t\t<div class=\"elementor-background-overlay\"><\/div>\n\t\t\t\t\t\t<div class=\"elementor-element elementor-element-1fb877e elementor-widget elementor-widget-heading\" data-id=\"1fb877e\" data-element_type=\"widget\" data-e-type=\"widget\" data-widget_type=\"heading.default\">\n\t\t\t\t<div class=\"elementor-widget-container\">\n\t\t\t\t\t<h2 class=\"elementor-heading-title elementor-size-default\">Erikoissovellukset<\/h2>\t\t\t\t<\/div>\n\t\t\t\t<\/div>\n\t\t\t\t<div class=\"elementor-element elementor-element-4bb9787 elementor-widget elementor-widget-text-editor\" data-id=\"4bb9787\" data-element_type=\"widget\" data-e-type=\"widget\" data-widget_type=\"text-editor.default\">\n\t\t\t\t<div class=\"elementor-widget-container\">\n\t\t\t\t\t\t\t\t\t<p>Tuotteemme voidaan r\u00e4\u00e4t\u00e4l\u00f6id\u00e4 t\u00e4ysin asiakkaan toiveiden mukaisesti.<\/p>\n\t\t\t\t\t\t\t\t<\/div>\n\t\t\t\t<\/div>\n\t\t\t\t\t<\/div>\n\t\t<\/div>\n\t\t\t\t\t<\/div>\n\t\t<\/section>\n\t\t\t\t<\/div>\n\t\t<\/div><div class=\"jet-listing-grid__item jet-listing-dynamic-post-21427\" data-post-id=\"21427\"  ><style type=\"text\/css\">.jet-listing-dynamic-post-21427 .elementor-element.elementor-element-615e140:not(.elementor-motion-effects-element-type-background), .jet-listing-dynamic-post-21427 .elementor-element.elementor-element-615e140 > .elementor-motion-effects-container > .elementor-motion-effects-layer{background-image:url(\"https:\/\/dev6.nobreaks.fi\/wp-content\/uploads\/Kaisa-talo_kirjasto.jpg\");}<\/style>\t\t<div data-elementor-type=\"jet-listing-items\" data-elementor-id=\"21399\" class=\"elementor elementor-21399\" data-elementor-post-type=\"jet-engine\">\n\t\t\t\t\t\t<section class=\"elementor-section elementor-top-section elementor-element elementor-element-615e140 elementor-section-full_width elementor-section-height-min-height elementor-section-items-top elementor-section-height-default\" data-id=\"615e140\" data-element_type=\"section\" data-e-type=\"section\" data-settings=\"{&quot;jet_parallax_layout_list&quot;:[],&quot;background_background&quot;:&quot;classic&quot;}\">\n\t\t\t\t\t\t\t<div class=\"elementor-background-overlay\"><\/div>\n\t\t\t\t\t\t\t<div class=\"elementor-container elementor-column-gap-default\">\n\t\t\t\t\t<div class=\"make-column-clickable-elementor elementor-column elementor-col-100 elementor-top-column elementor-element elementor-element-dad5baf\" style=\"cursor: pointer;\" data-column-clickable=\"https:\/\/dev6.nobreaks.fi\/elinkaaripalvelut\" data-column-clickable-blank=\"_blank\" data-id=\"dad5baf\" data-element_type=\"column\" data-e-type=\"column\" data-settings=\"{&quot;background_background&quot;:&quot;gradient&quot;}\">\n\t\t\t<div class=\"elementor-widget-wrap elementor-element-populated\">\n\t\t\t\t\t<div class=\"elementor-background-overlay\"><\/div>\n\t\t\t\t\t\t<div class=\"elementor-element elementor-element-1fb877e elementor-widget elementor-widget-heading\" data-id=\"1fb877e\" data-element_type=\"widget\" data-e-type=\"widget\" data-widget_type=\"heading.default\">\n\t\t\t\t<div class=\"elementor-widget-container\">\n\t\t\t\t\t<h2 class=\"elementor-heading-title elementor-size-default\">Elinkaaripalvelut<\/h2>\t\t\t\t<\/div>\n\t\t\t\t<\/div>\n\t\t\t\t<div class=\"elementor-element elementor-element-4bb9787 elementor-widget elementor-widget-text-editor\" data-id=\"4bb9787\" data-element_type=\"widget\" data-e-type=\"widget\" data-widget_type=\"text-editor.default\">\n\t\t\t\t<div class=\"elementor-widget-container\">\n\t\t\t\t\t\t\t\t\t<p>RETCARE Elinkaarikonsepti kruunaa palvelumme varmistamalla energians\u00e4\u00e4st\u00f6hankkeen laadukkaan lopputuloksen.<\/p>\n\t\t\t\t\t\t\t\t<\/div>\n\t\t\t\t<\/div>\n\t\t\t\t\t<\/div>\n\t\t<\/div>\n\t\t\t\t\t<\/div>\n\t\t<\/section>\n\t\t\t\t<\/div>\n\t\t<\/div><\/div><\/div>\t\t\t\t<\/div>\n\t\t\t\t<\/div>\n\t\t\t\t\t<\/div>\n\t\t<\/div>\n\t\t\t\t\t<\/div>\n\t\t<\/section>\n\t\t\t\t<\/div>\n\t\t","protected":false},"excerpt":{"rendered":"<p>Markkinoiden kehittynein ja tehokkain neste-ilma-l\u00e4mm\u00f6nsiirrin Mahdollistamme energian s\u00e4\u00e4st\u00f6n luotettavasti ja hygieenisesti my\u00f6s haastavissa olosuhteissa. Patentoitu neulaputki on kaikkien tuotteidemme syd\u00e4n.<\/p>\n","protected":false},"author":13,"featured_media":0,"parent":0,"menu_order":0,"comment_status":"closed","ping_status":"closed","template":"elementor_header_footer","meta":{"inline_featured_image":false,"footnotes":""},"hakunakyvyys":[],"yhteinen-luokittelutieto":[],"sivujen-luokittelutieto":[],"class_list":["post-15217","page","type-page","status-publish","hentry"],"_links":{"self":[{"href":"https:\/\/dev6.nobreaks.fi\/wp-json\/wp\/v2\/pages\/15217","targetHints":{"allow":["GET"]}}],"collection":[{"href":"https:\/\/dev6.nobreaks.fi\/wp-json\/wp\/v2\/pages"}],"about":[{"href":"https:\/\/dev6.nobreaks.fi\/wp-json\/wp\/v2\/types\/page"}],"author":[{"embeddable":true,"href":"https:\/\/dev6.nobreaks.fi\/wp-json\/wp\/v2\/users\/13"}],"replies":[{"embeddable":true,"href":"https:\/\/dev6.nobreaks.fi\/wp-json\/wp\/v2\/comments?post=15217"}],"version-history":[{"count":7,"href":"https:\/\/dev6.nobreaks.fi\/wp-json\/wp\/v2\/pages\/15217\/revisions"}],"predecessor-version":[{"id":33837,"href":"https:\/\/dev6.nobreaks.fi\/wp-json\/wp\/v2\/pages\/15217\/revisions\/33837"}],"wp:attachment":[{"href":"https:\/\/dev6.nobreaks.fi\/wp-json\/wp\/v2\/media?parent=15217"}],"wp:term":[{"taxonomy":"hakunakyvyys","embeddable":true,"href":"https:\/\/dev6.nobreaks.fi\/wp-json\/wp\/v2\/hakunakyvyys?post=15217"},{"taxonomy":"yhteinen-luokittelutieto","embeddable":true,"href":"https:\/\/dev6.nobreaks.fi\/wp-json\/wp\/v2\/yhteinen-luokittelutieto?post=15217"},{"taxonomy":"sivujen-luokittelutieto","embeddable":true,"href":"https:\/\/dev6.nobreaks.fi\/wp-json\/wp\/v2\/sivujen-luokittelutieto?post=15217"}],"curies":[{"name":"wp","href":"https:\/\/api.w.org\/{rel}","templated":true}]}}