{"id":11750,"date":"2023-05-03T11:05:17","date_gmt":"2023-05-03T08:05:17","guid":{"rendered":"https:\/\/dev6.nobreaks.fi\/?page_id=11750"},"modified":"2024-02-21T08:13:42","modified_gmt":"2024-02-21T06:13:42","slug":"olemme-erikoistuneet-teollisuuden-tarpeisiin","status":"publish","type":"page","link":"https:\/\/dev6.nobreaks.fi\/olemme-erikoistuneet-teollisuuden-tarpeisiin","title":{"rendered":"Olemme erikoistuneet teollisuuden tarpeisiin"},"content":{"rendered":"\t\t<div data-elementor-type=\"wp-page\" data-elementor-id=\"11750\" class=\"elementor elementor-11750\" data-elementor-post-type=\"page\">\n\t\t\t\t\t\t<section class=\"elementor-section elementor-top-section elementor-element elementor-element-de875af elementor-section-height-min-height elementor-section-boxed elementor-section-height-default elementor-section-items-middle\" data-id=\"de875af\" data-element_type=\"section\" data-e-type=\"section\" data-settings=\"{&quot;jet_parallax_layout_list&quot;:[],&quot;background_background&quot;:&quot;video&quot;,&quot;background_video_link&quot;:&quot;https:\\\/\\\/dev6.nobreaks.fi\\\/wp-content\\\/uploads\\\/109_retermia_teollisuusilmanvaihdon_referenssit_video_171023-720p.mp4&quot;,&quot;background_play_on_mobile&quot;:&quot;yes&quot;,&quot;background_video_start&quot;:0}\">\n\t\t\t\t\t\t\t\t<div class=\"elementor-background-video-container\">\n\t\t\t\t\t\t\t\t\t\t\t\t\t<video class=\"elementor-background-video-hosted\" role=\"presentation\" autoplay muted playsinline loop><\/video>\n\t\t\t\t\t\t\t\t\t\t\t<\/div>\n\t\t\t\t\t\t\t\t\t<div class=\"elementor-background-overlay\"><\/div>\n\t\t\t\t\t\t\t<div class=\"elementor-container elementor-column-gap-default\">\n\t\t\t\t\t<div class=\"elementor-column elementor-col-100 elementor-top-column elementor-element elementor-element-280fb9c\" data-id=\"280fb9c\" data-element_type=\"column\" data-e-type=\"column\">\n\t\t\t<div class=\"elementor-widget-wrap\">\n\t\t\t\t\t\t\t<\/div>\n\t\t<\/div>\n\t\t\t\t\t<\/div>\n\t\t<\/section>\n\t\t\t\t<section class=\"elementor-section elementor-top-section elementor-element elementor-element-77899ba1 elementor-section-boxed elementor-section-height-default elementor-section-height-default\" data-id=\"77899ba1\" data-element_type=\"section\" data-e-type=\"section\" data-settings=\"{&quot;jet_parallax_layout_list&quot;:[]}\">\n\t\t\t\t\t\t<div class=\"elementor-container elementor-column-gap-default\">\n\t\t\t\t\t<div class=\"elementor-column elementor-col-100 elementor-top-column elementor-element elementor-element-6586cd6\" data-id=\"6586cd6\" data-element_type=\"column\" data-e-type=\"column\">\n\t\t\t<div class=\"elementor-widget-wrap elementor-element-populated\">\n\t\t\t\t\t\t<div class=\"elementor-element elementor-element-8886d22 elementor-widget elementor-widget-heading\" data-id=\"8886d22\" data-element_type=\"widget\" data-e-type=\"widget\" data-widget_type=\"heading.default\">\n\t\t\t\t<div class=\"elementor-widget-container\">\n\t\t\t\t\t<h2 class=\"elementor-heading-title elementor-size-default\">Suuri potentiaali<\/h2>\t\t\t\t<\/div>\n\t\t\t\t<\/div>\n\t\t\t\t<div class=\"elementor-element elementor-element-72a8a1e elementor-widget elementor-widget-text-editor\" data-id=\"72a8a1e\" data-element_type=\"widget\" data-e-type=\"widget\" data-widget_type=\"text-editor.default\">\n\t\t\t\t<div class=\"elementor-widget-container\">\n\t\t\t\t\t\t\t\t\t<p>Konepajoissa ja muissa raskaan teollisuustuotannon tiloissa k\u00e4ytet\u00e4\u00e4n usein suuria ilmavirtoja ja prosesseissa vapautuu paljon l\u00e4mp\u00f6\u00e4. Potentiaalia l\u00e4mm\u00f6ntalteenotolle riitt\u00e4\u00e4 \u2013 teht\u00e4v\u00e4\u00e4 vaikeuttavat kuitenkin poistoilman likaisuus tai jopa sy\u00f6vytt\u00e4vyys.<\/p><p>Toimialan ymm\u00e4rrys korostuu my\u00f6s prosessiteollisuuden l\u00e4mm\u00f6ntalteenotossa. Tarvitaan korkealaatuisia ja likaa siet\u00e4vi\u00e4 LTO-laitteita, jotka r\u00e4\u00e4t\u00e4l\u00f6id\u00e4\u00e4n asiakkaan tarpeiden mukaisesti.\u00a0<\/p>\t\t\t\t\t\t\t\t<\/div>\n\t\t\t\t<\/div>\n\t\t\t\t<div class=\"elementor-element elementor-element-d0bbd83 elementor-widget elementor-widget-heading\" data-id=\"d0bbd83\" data-element_type=\"widget\" data-e-type=\"widget\" data-widget_type=\"heading.default\">\n\t\t\t\t<div class=\"elementor-widget-container\">\n\t\t\t\t\t<h2 class=\"elementor-heading-title elementor-size-default\">L\u00e4mp\u00f6 talteen likaisestakin ilmasta<\/h2>\t\t\t\t<\/div>\n\t\t\t\t<\/div>\n\t\t\t\t<div class=\"elementor-element elementor-element-764be07 elementor-widget elementor-widget-text-editor\" data-id=\"764be07\" data-element_type=\"widget\" data-e-type=\"widget\" data-widget_type=\"text-editor.default\">\n\t\t\t\t<div class=\"elementor-widget-container\">\n\t\t\t\t\t\t\t\t\t<p>Perinteisi\u00e4 LTO-laitteita k\u00e4ytett\u00e4ess\u00e4 tulee poistoilma suodattaa ennen l\u00e4mm\u00f6ntalteenottoa. Poistoilman ep\u00e4puhtauksista johtuvat tihe\u00e4t suodattimien vaihdot heikent\u00e4v\u00e4t j\u00e4rjestelm\u00e4n kannattavuutta.<\/p><p>Retermian LTO-j\u00e4rjestelm\u00e4ss\u00e4 poistoilmaa ei tarvitse suodattaa, sill\u00e4 neulaputket sallivat ep\u00e4puhtauksien kertym\u00e4n pinnoilleen l\u00e4mp\u00f6tilasuhteen heikkenem\u00e4tt\u00e4, ja paineh\u00e4vi\u00f6nkin kasvu on pieni.<\/p>\t\t\t\t\t\t\t\t<\/div>\n\t\t\t\t<\/div>\n\t\t\t\t<div class=\"elementor-element elementor-element-e9fe7ef elementor-widget elementor-widget-heading\" data-id=\"e9fe7ef\" data-element_type=\"widget\" data-e-type=\"widget\" data-widget_type=\"heading.default\">\n\t\t\t\t<div class=\"elementor-widget-container\">\n\t\t\t\t\t<h2 class=\"elementor-heading-title elementor-size-default\">V\u00e4hemm\u00e4n kanavia, enemm\u00e4n tuotantoa<\/h2>\t\t\t\t<\/div>\n\t\t\t\t<\/div>\n\t\t\t\t<div class=\"elementor-element elementor-element-5d3a790 elementor-widget elementor-widget-text-editor\" data-id=\"5d3a790\" data-element_type=\"widget\" data-e-type=\"widget\" data-widget_type=\"text-editor.default\">\n\t\t\t\t<div class=\"elementor-widget-container\">\n\t\t\t\t\t\t\t\t\t<p>Ilmasta-ilmaan -LTO-j\u00e4rjestelmiss\u00e4 poistoilma kanavoidaan tuloilmakoneiden yhteyteen pitkill\u00e4, s\u00e4\u00e4nn\u00f6llist\u00e4 puhdistamista vaativilla, kanavilla. IV- ja palom\u00e4\u00e4r\u00e4ykset asettavat lis\u00e4ksi omat rajoitteensa yhteiskanavoinneille.<\/p>\n<p>Hajautetussa Retermian LTO-ratkaisussa poistoilmaa ei tarvitse kanavoida pitkill\u00e4 poistoilmakanavilla, vaan talteenotettu l\u00e4mp\u00f6 siirret\u00e4\u00e4n v\u00e4hemm\u00e4n asennustilaa vaativissa liuosputkissa. Retermia-j\u00e4rjestelm\u00e4 j\u00e4tt\u00e4\u00e4 enemm\u00e4n asennustilaa teollisuustuotannon vaatimille omille j\u00e4rjestelmille, <br>kuten siltanostureille.<br><\/p>\t\t\t\t\t\t\t\t<\/div>\n\t\t\t\t<\/div>\n\t\t\t\t<div class=\"elementor-element elementor-element-19f114f elementor-widget elementor-widget-heading\" data-id=\"19f114f\" data-element_type=\"widget\" data-e-type=\"widget\" data-widget_type=\"heading.default\">\n\t\t\t\t<div class=\"elementor-widget-container\">\n\t\t\t\t\t<h2 class=\"elementor-heading-title elementor-size-default\">Kohdekohtaisesti r\u00e4\u00e4t\u00e4l\u00f6idyt LTO-ratkaisut<\/h2>\t\t\t\t<\/div>\n\t\t\t\t<\/div>\n\t\t\t\t<div class=\"elementor-element elementor-element-84af6e1 elementor-widget elementor-widget-text-editor\" data-id=\"84af6e1\" data-element_type=\"widget\" data-e-type=\"widget\" data-widget_type=\"text-editor.default\">\n\t\t\t\t<div class=\"elementor-widget-container\">\n\t\t\t\t\t\t\t\t\t<p>Likakuormituksen ollessa poikkeuksellisen suurta Retermia LTO-laitteet jaetaan pienempiin lohkoihin puhdistettavuuden helpottamiseksi. Haastavissa kohteissa l\u00e4mm\u00f6nsiirtopintaa pinnoitetaan korroosiokest\u00e4vyyden parantamiseksi tai lian irtoavuuden helpottamiseksi.<\/p>\t\t\t\t\t\t\t\t<\/div>\n\t\t\t\t<\/div>\n\t\t\t\t\t<\/div>\n\t\t<\/div>\n\t\t\t\t\t<\/div>\n\t\t<\/section>\n\t\t\t\t<section class=\"elementor-section elementor-top-section elementor-element elementor-element-c7cfeec elementor-section-full_width elementor-section-height-default elementor-section-height-default\" data-id=\"c7cfeec\" data-element_type=\"section\" data-e-type=\"section\" data-settings=\"{&quot;jet_parallax_layout_list&quot;:[]}\">\n\t\t\t\t\t\t<div class=\"elementor-container elementor-column-gap-default\">\n\t\t\t\t\t<div class=\"elementor-column elementor-col-100 elementor-top-column elementor-element elementor-element-7a3457c\" data-id=\"7a3457c\" data-element_type=\"column\" data-e-type=\"column\">\n\t\t\t<div class=\"elementor-widget-wrap elementor-element-populated\">\n\t\t\t\t\t\t<div class=\"elementor-element elementor-element-0141719 elementor-widget elementor-widget-jet-listing-grid\" data-id=\"0141719\" data-element_type=\"widget\" data-e-type=\"widget\" data-settings=\"{&quot;columns&quot;:&quot;2&quot;,&quot;columns_mobile&quot;:&quot;1&quot;}\" data-widget_type=\"jet-listing-grid.default\">\n\t\t\t\t<div class=\"elementor-widget-container\">\n\t\t\t\t\t<div class=\"jet-listing-grid jet-listing\"><div class=\"jet-listing-grid__items grid-col-desk-2 grid-col-tablet-2 grid-col-mobile-1 jet-listing-grid--21399\" data-queried-id=\"11750|WP_Post\" data-nav=\"{&quot;enabled&quot;:false,&quot;type&quot;:null,&quot;more_el&quot;:null,&quot;query&quot;:[],&quot;widget_settings&quot;:{&quot;lisitng_id&quot;:21399,&quot;posts_num&quot;:99,&quot;columns&quot;:2,&quot;columns_tablet&quot;:2,&quot;columns_mobile&quot;:1,&quot;column_min_width&quot;:240,&quot;column_min_width_tablet&quot;:240,&quot;column_min_width_mobile&quot;:240,&quot;inline_columns_css&quot;:false,&quot;is_archive_template&quot;:&quot;&quot;,&quot;post_status&quot;:[&quot;publish&quot;],&quot;use_random_posts_num&quot;:&quot;&quot;,&quot;max_posts_num&quot;:9,&quot;not_found_message&quot;:&quot;No data was found&quot;,&quot;is_masonry&quot;:false,&quot;equal_columns_height&quot;:&quot;&quot;,&quot;use_load_more&quot;:&quot;&quot;,&quot;load_more_id&quot;:&quot;&quot;,&quot;load_more_type&quot;:&quot;click&quot;,&quot;load_more_offset&quot;:{&quot;unit&quot;:&quot;px&quot;,&quot;size&quot;:0,&quot;sizes&quot;:[]},&quot;use_custom_post_types&quot;:&quot;&quot;,&quot;custom_post_types&quot;:[],&quot;hide_widget_if&quot;:&quot;&quot;,&quot;carousel_enabled&quot;:&quot;&quot;,&quot;slides_to_scroll&quot;:&quot;1&quot;,&quot;arrows&quot;:&quot;true&quot;,&quot;arrow_icon&quot;:&quot;fa fa-angle-left&quot;,&quot;dots&quot;:&quot;&quot;,&quot;autoplay&quot;:&quot;true&quot;,&quot;pause_on_hover&quot;:&quot;true&quot;,&quot;autoplay_speed&quot;:5000,&quot;infinite&quot;:&quot;true&quot;,&quot;center_mode&quot;:&quot;&quot;,&quot;effect&quot;:&quot;slide&quot;,&quot;speed&quot;:500,&quot;inject_alternative_items&quot;:&quot;&quot;,&quot;injection_items&quot;:[],&quot;scroll_slider_enabled&quot;:&quot;&quot;,&quot;scroll_slider_on&quot;:[&quot;desktop&quot;,&quot;tablet&quot;,&quot;mobile&quot;],&quot;custom_query&quot;:&quot;yes&quot;,&quot;custom_query_id&quot;:&quot;17&quot;,&quot;_element_id&quot;:&quot;&quot;,&quot;collapse_first_last_gap&quot;:false,&quot;list_tag_selection&quot;:&quot;&quot;,&quot;list_items_wrapper_tag&quot;:&quot;div&quot;,&quot;list_item_tag&quot;:&quot;div&quot;,&quot;empty_items_wrapper_tag&quot;:&quot;div&quot;}}\" data-page=\"1\" data-pages=\"1\" data-listing-source=\"query\" data-listing-id=\"21399\" data-query-id=\"17\"><div class=\"jet-listing-grid__item jet-listing-dynamic-post-23217\" data-post-id=\"23217\"  ><style type=\"text\/css\">.jet-listing-dynamic-post-23217 .elementor-element.elementor-element-615e140:not(.elementor-motion-effects-element-type-background), .jet-listing-dynamic-post-23217 .elementor-element.elementor-element-615e140 > .elementor-motion-effects-container > .elementor-motion-effects-layer{background-image:url(\"https:\/\/dev6.nobreaks.fi\/wp-content\/uploads\/image-from-rawpixel-id-5904163-original.jpg\");}<\/style>\t\t<div data-elementor-type=\"jet-listing-items\" data-elementor-id=\"21399\" class=\"elementor elementor-21399\" data-elementor-post-type=\"jet-engine\">\n\t\t\t\t\t\t<section class=\"elementor-section elementor-top-section elementor-element elementor-element-615e140 elementor-section-full_width elementor-section-height-min-height elementor-section-items-top elementor-section-height-default\" data-id=\"615e140\" data-element_type=\"section\" data-e-type=\"section\" data-settings=\"{&quot;jet_parallax_layout_list&quot;:[],&quot;background_background&quot;:&quot;classic&quot;}\">\n\t\t\t\t\t\t\t<div class=\"elementor-background-overlay\"><\/div>\n\t\t\t\t\t\t\t<div class=\"elementor-container elementor-column-gap-default\">\n\t\t\t\t\t<div class=\"make-column-clickable-elementor elementor-column elementor-col-100 elementor-top-column elementor-element elementor-element-dad5baf\" style=\"cursor: pointer;\" data-column-clickable=\"https:\/\/dev6.nobreaks.fi\/leipomot\/\" data-column-clickable-blank=\"_blank\" data-id=\"dad5baf\" data-element_type=\"column\" data-e-type=\"column\" data-settings=\"{&quot;background_background&quot;:&quot;gradient&quot;}\">\n\t\t\t<div class=\"elementor-widget-wrap elementor-element-populated\">\n\t\t\t\t\t<div class=\"elementor-background-overlay\"><\/div>\n\t\t\t\t\t\t<div class=\"elementor-element elementor-element-1fb877e elementor-widget elementor-widget-heading\" data-id=\"1fb877e\" data-element_type=\"widget\" data-e-type=\"widget\" data-widget_type=\"heading.default\">\n\t\t\t\t<div class=\"elementor-widget-container\">\n\t\t\t\t\t<h2 class=\"elementor-heading-title elementor-size-default\">Leipomot<\/h2>\t\t\t\t<\/div>\n\t\t\t\t<\/div>\n\t\t\t\t\t<\/div>\n\t\t<\/div>\n\t\t\t\t\t<\/div>\n\t\t<\/section>\n\t\t\t\t<\/div>\n\t\t<\/div><div class=\"jet-listing-grid__item jet-listing-dynamic-post-23218\" data-post-id=\"23218\"  ><style type=\"text\/css\">.jet-listing-dynamic-post-23218 .elementor-element.elementor-element-615e140:not(.elementor-motion-effects-element-type-background), .jet-listing-dynamic-post-23218 .elementor-element.elementor-element-615e140 > .elementor-motion-effects-container > .elementor-motion-effects-layer{background-image:url(\"https:\/\/dev6.nobreaks.fi\/wp-content\/uploads\/car-mechanic-painting-car-with-spray-gun-scaled.jpg\");}<\/style>\t\t<div data-elementor-type=\"jet-listing-items\" data-elementor-id=\"21399\" class=\"elementor elementor-21399\" data-elementor-post-type=\"jet-engine\">\n\t\t\t\t\t\t<section class=\"elementor-section elementor-top-section elementor-element elementor-element-615e140 elementor-section-full_width elementor-section-height-min-height elementor-section-items-top elementor-section-height-default\" data-id=\"615e140\" data-element_type=\"section\" data-e-type=\"section\" data-settings=\"{&quot;jet_parallax_layout_list&quot;:[],&quot;background_background&quot;:&quot;classic&quot;}\">\n\t\t\t\t\t\t\t<div class=\"elementor-background-overlay\"><\/div>\n\t\t\t\t\t\t\t<div class=\"elementor-container elementor-column-gap-default\">\n\t\t\t\t\t<div class=\"make-column-clickable-elementor elementor-column elementor-col-100 elementor-top-column elementor-element elementor-element-dad5baf\" style=\"cursor: pointer;\" data-column-clickable=\"https:\/\/dev6.nobreaks.fi\/maalaamot-ja-rajahdysvaaralliset-tilat\/\" data-column-clickable-blank=\"_blank\" data-id=\"dad5baf\" data-element_type=\"column\" data-e-type=\"column\" data-settings=\"{&quot;background_background&quot;:&quot;gradient&quot;}\">\n\t\t\t<div class=\"elementor-widget-wrap elementor-element-populated\">\n\t\t\t\t\t<div class=\"elementor-background-overlay\"><\/div>\n\t\t\t\t\t\t<div class=\"elementor-element elementor-element-1fb877e elementor-widget elementor-widget-heading\" data-id=\"1fb877e\" data-element_type=\"widget\" data-e-type=\"widget\" data-widget_type=\"heading.default\">\n\t\t\t\t<div class=\"elementor-widget-container\">\n\t\t\t\t\t<h2 class=\"elementor-heading-title elementor-size-default\">Maalaamot ja r\u00e4j\u00e4hdysvaaralliset tilat<\/h2>\t\t\t\t<\/div>\n\t\t\t\t<\/div>\n\t\t\t\t\t<\/div>\n\t\t<\/div>\n\t\t\t\t\t<\/div>\n\t\t<\/section>\n\t\t\t\t<\/div>\n\t\t<\/div><div class=\"jet-listing-grid__item jet-listing-dynamic-post-23219\" data-post-id=\"23219\"  ><style type=\"text\/css\">.jet-listing-dynamic-post-23219 .elementor-element.elementor-element-615e140:not(.elementor-motion-effects-element-type-background), .jet-listing-dynamic-post-23219 .elementor-element.elementor-element-615e140 > .elementor-motion-effects-container > .elementor-motion-effects-layer{background-image:url(\"https:\/\/dev6.nobreaks.fi\/wp-content\/uploads\/image-from-rawpixel-id-5941983-original.jpg\");}<\/style>\t\t<div data-elementor-type=\"jet-listing-items\" data-elementor-id=\"21399\" class=\"elementor elementor-21399\" data-elementor-post-type=\"jet-engine\">\n\t\t\t\t\t\t<section class=\"elementor-section elementor-top-section elementor-element elementor-element-615e140 elementor-section-full_width elementor-section-height-min-height elementor-section-items-top elementor-section-height-default\" data-id=\"615e140\" data-element_type=\"section\" data-e-type=\"section\" data-settings=\"{&quot;jet_parallax_layout_list&quot;:[],&quot;background_background&quot;:&quot;classic&quot;}\">\n\t\t\t\t\t\t\t<div class=\"elementor-background-overlay\"><\/div>\n\t\t\t\t\t\t\t<div class=\"elementor-container elementor-column-gap-default\">\n\t\t\t\t\t<div class=\"make-column-clickable-elementor elementor-column elementor-col-100 elementor-top-column elementor-element elementor-element-dad5baf\" style=\"cursor: pointer;\" data-column-clickable=\"https:\/\/dev6.nobreaks.fi\/valimot\/\" data-column-clickable-blank=\"_blank\" data-id=\"dad5baf\" data-element_type=\"column\" data-e-type=\"column\" data-settings=\"{&quot;background_background&quot;:&quot;gradient&quot;}\">\n\t\t\t<div class=\"elementor-widget-wrap elementor-element-populated\">\n\t\t\t\t\t<div class=\"elementor-background-overlay\"><\/div>\n\t\t\t\t\t\t<div class=\"elementor-element elementor-element-1fb877e elementor-widget elementor-widget-heading\" data-id=\"1fb877e\" data-element_type=\"widget\" data-e-type=\"widget\" data-widget_type=\"heading.default\">\n\t\t\t\t<div class=\"elementor-widget-container\">\n\t\t\t\t\t<h2 class=\"elementor-heading-title elementor-size-default\">Valimot<\/h2>\t\t\t\t<\/div>\n\t\t\t\t<\/div>\n\t\t\t\t\t<\/div>\n\t\t<\/div>\n\t\t\t\t\t<\/div>\n\t\t<\/section>\n\t\t\t\t<\/div>\n\t\t<\/div><div class=\"jet-listing-grid__item jet-listing-dynamic-post-23220\" data-post-id=\"23220\"  ><style type=\"text\/css\">.jet-listing-dynamic-post-23220 .elementor-element.elementor-element-615e140:not(.elementor-motion-effects-element-type-background), .jet-listing-dynamic-post-23220 .elementor-element.elementor-element-615e140 > .elementor-motion-effects-container > .elementor-motion-effects-layer{background-image:url(\"https:\/\/dev6.nobreaks.fi\/wp-content\/uploads\/404-virheilmoitus.jpg\");}<\/style>\t\t<div data-elementor-type=\"jet-listing-items\" data-elementor-id=\"21399\" class=\"elementor elementor-21399\" data-elementor-post-type=\"jet-engine\">\n\t\t\t\t\t\t<section class=\"elementor-section elementor-top-section elementor-element elementor-element-615e140 elementor-section-full_width elementor-section-height-min-height elementor-section-items-top elementor-section-height-default\" data-id=\"615e140\" data-element_type=\"section\" data-e-type=\"section\" data-settings=\"{&quot;jet_parallax_layout_list&quot;:[],&quot;background_background&quot;:&quot;classic&quot;}\">\n\t\t\t\t\t\t\t<div class=\"elementor-background-overlay\"><\/div>\n\t\t\t\t\t\t\t<div class=\"elementor-container elementor-column-gap-default\">\n\t\t\t\t\t<div class=\"make-column-clickable-elementor elementor-column elementor-col-100 elementor-top-column elementor-element elementor-element-dad5baf\" style=\"cursor: pointer;\" data-column-clickable=\"https:\/\/dev6.nobreaks.fi\/konepajat-ja-hitsaamot\/\" data-column-clickable-blank=\"_blank\" data-id=\"dad5baf\" data-element_type=\"column\" data-e-type=\"column\" data-settings=\"{&quot;background_background&quot;:&quot;gradient&quot;}\">\n\t\t\t<div class=\"elementor-widget-wrap elementor-element-populated\">\n\t\t\t\t\t<div class=\"elementor-background-overlay\"><\/div>\n\t\t\t\t\t\t<div class=\"elementor-element elementor-element-1fb877e elementor-widget elementor-widget-heading\" data-id=\"1fb877e\" data-element_type=\"widget\" data-e-type=\"widget\" data-widget_type=\"heading.default\">\n\t\t\t\t<div class=\"elementor-widget-container\">\n\t\t\t\t\t<h2 class=\"elementor-heading-title elementor-size-default\">Konepajat ja hitsaamot<\/h2>\t\t\t\t<\/div>\n\t\t\t\t<\/div>\n\t\t\t\t\t<\/div>\n\t\t<\/div>\n\t\t\t\t\t<\/div>\n\t\t<\/section>\n\t\t\t\t<\/div>\n\t\t<\/div><\/div><\/div>\t\t\t\t<\/div>\n\t\t\t\t<\/div>\n\t\t\t\t\t<\/div>\n\t\t<\/div>\n\t\t\t\t\t<\/div>\n\t\t<\/section>\n\t\t\t\t<section class=\"elementor-section elementor-top-section elementor-element elementor-element-113806a elementor-section-boxed elementor-section-height-default elementor-section-height-default\" data-id=\"113806a\" data-element_type=\"section\" data-e-type=\"section\" data-settings=\"{&quot;jet_parallax_layout_list&quot;:[]}\">\n\t\t\t\t\t\t<div class=\"elementor-container elementor-column-gap-default\">\n\t\t\t\t\t<div class=\"elementor-column elementor-col-100 elementor-top-column elementor-element elementor-element-320b778\" data-id=\"320b778\" data-element_type=\"column\" data-e-type=\"column\">\n\t\t\t<div class=\"elementor-widget-wrap elementor-element-populated\">\n\t\t\t\t\t\t<div class=\"elementor-element elementor-element-1e3b5fa elementor-widget elementor-widget-spacer\" data-id=\"1e3b5fa\" data-element_type=\"widget\" data-e-type=\"widget\" data-widget_type=\"spacer.default\">\n\t\t\t\t<div class=\"elementor-widget-container\">\n\t\t\t\t\t\t\t<div class=\"elementor-spacer\">\n\t\t\t<div class=\"elementor-spacer-inner\"><\/div>\n\t\t<\/div>\n\t\t\t\t\t\t<\/div>\n\t\t\t\t<\/div>\n\t\t\t\t\t<\/div>\n\t\t<\/div>\n\t\t\t\t\t<\/div>\n\t\t<\/section>\n\t\t\t\t<\/div>\n\t\t","protected":false},"excerpt":{"rendered":"<p>Konepajoissa ja muissa raskaan teollisuustuotannon tiloissa k\u00e4ytet\u00e4\u00e4n usein suuria ilmavirtoja ja prosesseissa vapautuu paljon l\u00e4mp\u00f6\u00e4.<\/p>\n","protected":false},"author":13,"featured_media":20164,"parent":0,"menu_order":0,"comment_status":"closed","ping_status":"closed","template":"","meta":{"inline_featured_image":false,"footnotes":""},"hakunakyvyys":[],"yhteinen-luokittelutieto":[],"sivujen-luokittelutieto":[],"class_list":["post-11750","page","type-page","status-publish","has-post-thumbnail","hentry"],"_links":{"self":[{"href":"https:\/\/dev6.nobreaks.fi\/wp-json\/wp\/v2\/pages\/11750","targetHints":{"allow":["GET"]}}],"collection":[{"href":"https:\/\/dev6.nobreaks.fi\/wp-json\/wp\/v2\/pages"}],"about":[{"href":"https:\/\/dev6.nobreaks.fi\/wp-json\/wp\/v2\/types\/page"}],"author":[{"embeddable":true,"href":"https:\/\/dev6.nobreaks.fi\/wp-json\/wp\/v2\/users\/13"}],"replies":[{"embeddable":true,"href":"https:\/\/dev6.nobreaks.fi\/wp-json\/wp\/v2\/comments?post=11750"}],"version-history":[{"count":0,"href":"https:\/\/dev6.nobreaks.fi\/wp-json\/wp\/v2\/pages\/11750\/revisions"}],"wp:featuredmedia":[{"embeddable":true,"href":"https:\/\/dev6.nobreaks.fi\/wp-json\/wp\/v2\/media\/20164"}],"wp:attachment":[{"href":"https:\/\/dev6.nobreaks.fi\/wp-json\/wp\/v2\/media?parent=11750"}],"wp:term":[{"taxonomy":"hakunakyvyys","embeddable":true,"href":"https:\/\/dev6.nobreaks.fi\/wp-json\/wp\/v2\/hakunakyvyys?post=11750"},{"taxonomy":"yhteinen-luokittelutieto","embeddable":true,"href":"https:\/\/dev6.nobreaks.fi\/wp-json\/wp\/v2\/yhteinen-luokittelutieto?post=11750"},{"taxonomy":"sivujen-luokittelutieto","embeddable":true,"href":"https:\/\/dev6.nobreaks.fi\/wp-json\/wp\/v2\/sivujen-luokittelutieto?post=11750"}],"curies":[{"name":"wp","href":"https:\/\/api.w.org\/{rel}","templated":true}]}}